{"id":317,"date":"2025-02-28T23:06:00","date_gmt":"2025-02-28T23:06:00","guid":{"rendered":"https:\/\/mozaikzivota.com\/?page_id=317"},"modified":"2025-02-28T23:06:02","modified_gmt":"2025-02-28T23:06:02","slug":"o-nama","status":"publish","type":"page","link":"https:\/\/mozaikzivota.com\/index.php\/o-nama\/","title":{"rendered":"O nama"},"content":{"rendered":"\n<p><strong>Mozaik \u017eivota<\/strong><\/p>\n\n\n\n<p>Dobrodo\u0161li na <strong>Mozaik \u017eivota<\/strong> \u2013 va\u0161 izvor za najzanimljivije i najkorisnije informacije! Na\u0161a misija je pru\u017eiti vam \u0161irok spektar sadr\u017eaja koji \u0107e vas inspirirati, educirati i zabaviti. Bilo da tra\u017eite savjete o \u017eivotnim trikovima, alternativnoj medicini, najnovije vijesti ili zanimljivosti iz svih sfera \u017eivota, mi smo tu da vam pru\u017eimo relevantne i pristupa\u010dne informacije.<\/p>\n\n\n\n<p>Na na\u0161em sajtu redovito objavljujemo \u010dlanke koji pokrivaju raznovrsne teme, uklju\u010duju\u0107i:<\/p>\n\n\n\n<ul class=\"wp-block-list\">\n<li><strong>Lifehacks i korisni savjeti<\/strong> \u2013 trikovi koji vam mogu olak\u0161ati svakodnevni \u017eivot.<\/li>\n\n\n\n<li><strong>Zanimljivosti i nepoznate \u010dinjenice<\/strong> \u2013 sve ono \u0161to mo\u017eda niste znali, ali \u0107e vas zasigurno iznenaditi.<\/li>\n\n\n\n<li><strong>Vijesti<\/strong> \u2013 najnovija doga\u0111anja iz svijeta, regije i svega \u0161to je bitno.<\/li>\n\n\n\n<li><strong>Alternativna medicina i zdravlje<\/strong> \u2013 savjeti o prirodnim metodama lije\u010denja i odr\u017eavanju zdravlja na prirodan na\u010din.<\/li>\n<\/ul>\n\n\n\n<p>Sadr\u017eaj koji pru\u017eamo temelji se na istra\u017eivanjima, stru\u010dnim mi\u0161ljenjima i provjerenim izvorima, kako bismo vam osigurali kvalitetne i to\u010dne informacije. Svaka tema koju obra\u0111ujemo zami\u0161ljena je tako da vas anga\u017eira, poti\u010de na razmi\u0161ljanje i pru\u017ea korisne resurse za svakodnevni \u017eivot.<\/p>\n\n\n\n<p>Nastojimo biti vi\u0161e od obi\u010dnog informativnog portala \u2013 \u017eelimo biti va\u0161 vodi\u010d kroz mozaik \u017eivota, omogu\u0107uju\u0107i vam da unaprijedite svoj \u017eivot i budete u tijeku s novostima i korisnim saznanjima.<\/p>\n\n\n\n<p>Zahvaljujemo vam \u0161to ste dio na\u0161e zajednice i nadamo se da \u0107e na\u0161 sadr\u017eaj biti koristan i inspiriraju\u0107i za vas!<\/p>\n","protected":false},"excerpt":{"rendered":"<p>Mozaik \u017eivota Dobrodo\u0161li na Mozaik \u017eivota \u2013 va\u0161 izvor za najzanimljivije i najkorisnije informacije! Na\u0161a misija je pru\u017eiti vam \u0161irok spektar sadr\u017eaja koji \u0107e vas inspirirati, educirati i zabaviti. Bilo da tra\u017eite savjete o \u017eivotnim trikovima, alternativnoj medicini, najnovije vijesti ili zanimljivosti iz svih sfera \u017eivota, mi smo tu da vam pru\u017eimo relevantne i pristupa\u010dne [&hellip;]<\/p>\n","protected":false},"author":1,"featured_media":0,"parent":0,"menu_order":0,"comment_status":"closed","ping_status":"closed","template":"","meta":{"iawp_total_views":14,"footnotes":""},"class_list":["post-317","page","type-page","status-publish","hentry"],"jetpack_sharing_enabled":true,"_links":{"self":[{"href":"https:\/\/mozaikzivota.com\/index.php\/wp-json\/wp\/v2\/pages\/317","targetHints":{"allow":["GET"]}}],"collection":[{"href":"https:\/\/mozaikzivota.com\/index.php\/wp-json\/wp\/v2\/pages"}],"about":[{"href":"https:\/\/mozaikzivota.com\/index.php\/wp-json\/wp\/v2\/types\/page"}],"author":[{"embeddable":true,"href":"https:\/\/mozaikzivota.com\/index.php\/wp-json\/wp\/v2\/users\/1"}],"replies":[{"embeddable":true,"href":"https:\/\/mozaikzivota.com\/index.php\/wp-json\/wp\/v2\/comments?post=317"}],"version-history":[{"count":1,"href":"https:\/\/mozaikzivota.com\/index.php\/wp-json\/wp\/v2\/pages\/317\/revisions"}],"predecessor-version":[{"id":318,"href":"https:\/\/mozaikzivota.com\/index.php\/wp-json\/wp\/v2\/pages\/317\/revisions\/318"}],"wp:attachment":[{"href":"https:\/\/mozaikzivota.com\/index.php\/wp-json\/wp\/v2\/media?parent=317"}],"curies":[{"name":"wp","href":"https:\/\/api.w.org\/{rel}","templated":true}]}}