{"id":3,"date":"2025-02-02T15:10:02","date_gmt":"2025-02-02T15:10:02","guid":{"rendered":"https:\/\/mozaikzivota.com\/?page_id=3"},"modified":"2025-02-02T21:42:05","modified_gmt":"2025-02-02T21:42:05","slug":"privacy-policy","status":"publish","type":"page","link":"https:\/\/mozaikzivota.com\/index.php\/privacy-policy\/","title":{"rendered":"Polisa Privatnosti"},"content":{"rendered":"\n<h2 class=\"wp-block-heading\">Kori\u0161tenje portala mozaikzivota.com u skladu je sa uslovima i pravilima koji su opisani u ovom tekstu.<\/h2>\n\n\n\n<p>Budu\u0107i da svaki ra\u010dunar na internetu ima svoju IP adresu, ulaskom na na\u0161 portal mozaikzivota.com, serveri \u0107e istog trenutka dobiti va\u0161u IP adresu, informacije o brauzeru, odnosno pretra\u017eiva\u010du, i operativnom sistemu, kao i stranicu sa koje ste pristupili na\u0161em portalu i sve pripadaju\u0107e podatke. Te podatke \u0107emo koristiti da bismo prikupili informacije koje se ti\u010du prometa na\u0161eg portala, za razne statistike, a ovo istovremeno predstavlja i za\u0161titu posjetilaca na\u0161eg portala. Budite sigurni da te podatke ne koristimo za komercijalnu namjenu odnosno svrhu, tako da va\u0161e e-mail adrese i druge li\u010dne podatke (poput va\u0161eg imena) ne\u0107emo dobiti samom va\u0161om posjetom na\u0161em portalu.<\/p>\n\n\n\n<p>Serveri na\u0161eg portala \u0161alju kola\u010di\u0107e, koji su tip podataka koji se sadr\u017ei u malim tekstualnim datotekama, i oni \u0107e ostati na va\u0161im ra\u010dunarima dok ih ne o\u010distite. Oni ne mogu \u010ditati nikakve podatke sa va\u0161eg ra\u010dunara niti mogu na\u0161koditi va\u0161em ra\u010dunaru. Oni se koriste da bi idu\u0107i put kada posjetite na\u0161 portal, va\u0161 ra\u010dunar br\u017ee u\u010ditao stranice, a to vr\u0161e kola\u010di\u0107i putem metodom identifikacije posjeta. Vi mo\u017eete na svom brauzeru odnosno pretra\u017eiva\u010du da isklju\u010dite opciju da prihvatate kola\u010di\u0107e sa na\u0161eg (ili bilo kog drugog) portala, ali to mo\u017ee dovesti do njegovog lo\u0161ijeg funkcionisanja.<\/p>\n\n\n\n<p>Od nas ne\u0107ete dobijati e-mailove, i nikakve podatke ne\u0107emo proslijediti tre\u0107im licima. To je mogu\u0107e jedino na zahtjev nadle\u017enih organa uz zvani\u010dan zahtjev i ukoliko je usljed va\u0161eg kori\u0161tenja na\u0161eg portala do\u0161lo do zloupotrebe.<\/p>\n\n\n\n<p>Na mozaikzivota.com mo\u017eda budete prona\u0161li linkove odnosno poveznice ka spolja\u0161njim stranicama, a one mogu da sadr\u017ee oglase. Portal mozaikzivota.com nije odgovoran za njihove postupke u vezi privatnosti i sadr\u017eaja koji tamo ostavite.<\/p>\n\n\n\n<p>Kori\u0161tenjem portala mozaikzivota.com pristajete na prikupljanje i upotrebu navedenih podataka od strane ovog portala, kao \u0161to je navedeno u polisi privatnosti.<\/p>\n\n\n\n<p>Bilo kakve promjene polise privatnosti objavi\u0107emo na ovoj stranici.<\/p>\n","protected":false},"excerpt":{"rendered":"<p>Kori\u0161tenje portala mozaikzivota.com u skladu je sa uslovima i pravilima koji su opisani u ovom tekstu. Budu\u0107i da svaki ra\u010dunar na internetu ima svoju IP adresu, ulaskom na na\u0161 portal mozaikzivota.com, serveri \u0107e istog trenutka dobiti va\u0161u IP adresu, informacije o brauzeru, odnosno pretra\u017eiva\u010du, i operativnom sistemu, kao i stranicu sa koje ste pristupili na\u0161em [&hellip;]<\/p>\n","protected":false},"author":1,"featured_media":0,"parent":0,"menu_order":0,"comment_status":"closed","ping_status":"open","template":"","meta":{"iawp_total_views":9,"footnotes":""},"class_list":["post-3","page","type-page","status-publish","hentry"],"jetpack_sharing_enabled":true,"_links":{"self":[{"href":"https:\/\/mozaikzivota.com\/index.php\/wp-json\/wp\/v2\/pages\/3","targetHints":{"allow":["GET"]}}],"collection":[{"href":"https:\/\/mozaikzivota.com\/index.php\/wp-json\/wp\/v2\/pages"}],"about":[{"href":"https:\/\/mozaikzivota.com\/index.php\/wp-json\/wp\/v2\/types\/page"}],"author":[{"embeddable":true,"href":"https:\/\/mozaikzivota.com\/index.php\/wp-json\/wp\/v2\/users\/1"}],"replies":[{"embeddable":true,"href":"https:\/\/mozaikzivota.com\/index.php\/wp-json\/wp\/v2\/comments?post=3"}],"version-history":[{"count":1,"href":"https:\/\/mozaikzivota.com\/index.php\/wp-json\/wp\/v2\/pages\/3\/revisions"}],"predecessor-version":[{"id":31,"href":"https:\/\/mozaikzivota.com\/index.php\/wp-json\/wp\/v2\/pages\/3\/revisions\/31"}],"wp:attachment":[{"href":"https:\/\/mozaikzivota.com\/index.php\/wp-json\/wp\/v2\/media?parent=3"}],"curies":[{"name":"wp","href":"https:\/\/api.w.org\/{rel}","templated":true}]}}